{"id":493,"date":"2017-05-29T10:38:47","date_gmt":"2017-05-29T08:38:47","guid":{"rendered":"https:\/\/lamatex.cz\/o-spolecnosti\/"},"modified":"2025-04-09T20:48:04","modified_gmt":"2025-04-09T18:48:04","slug":"lazienda","status":"publish","type":"page","link":"https:\/\/lamatex.cz\/it\/lazienda\/","title":{"rendered":"L\u2018azienda"},"content":{"rendered":"<p>La nostra azienda \u00e8 stata fondata nel 1998. Sin dalla sua fondazione si \u00e8 occupata della compravendita di filati di cotone, materiali e sottoprodotti tessili, cascami e non da ultimo, macchine tessili. A seconda delle richieste dei clienti, i filati vengono preparati per noi dai nostri partner esteri, localizzati in tutto il mondo (ad esempio Italia, Turchia, Egitto, Cina, India, Indonesia, Malesia e Stati Uniti). La nostra azienda si serve di laboratori specializzati per controllare i filati e consegnare le qualit\u00e0 richieste dai clienti.<\/p>\n<p>La nostra societ\u00e0 \u00e8 certificata dal 2010 secondo gli standard ISO 9001:2008. I filati da noi trattati sono prodotti con materie prime controllate che ci permettono di ottenere la certificazione \u00d6EKO-TEX 100. La nostra attivit\u00e0 include anche un centro logistico proprietario, che ci permette di aumentare la qualit\u00e0 del servizio, potendo ottimizzare le consegne e spedire molto rapidamente.<\/p>\n<p>La nostra azienda ha deciso di utilizzare i nostri anni di esperienza per fare qualcosa che per noi ha senso: creare una collezione di biancheria da letto originale che porti gioia soprattutto ai bambini. Abbiamo combinato materiali collaudati con un design giocoso per creare qualcosa di completamente nuovo. Potete visitare la nostra collezione sul nostro nuovo\u00a0<strong><a href=\"https:\/\/www.lamatexstore.com\/\">Lamatexstore<\/a>.<\/strong><\/p>\n","protected":false},"excerpt":{"rendered":"<p>La nostra azienda \u00e8 stata fondata nel 1998. Sin dalla sua fondazione si \u00e8 occupata della compravendita di filati di cotone, materiali e sottoprodotti tessili, cascami e non da ultimo, macchine tessili. A seconda delle richieste dei clienti, i filati vengono preparati per noi dai nostri partner esteri, localizzati in tutto il mondo (ad esempio&#8230;<\/p>\n","protected":false},"author":1,"featured_media":0,"parent":0,"menu_order":0,"comment_status":"closed","ping_status":"closed","template":"","meta":{"_acf_changed":false,"footnotes":""},"class_list":["post-493","page","type-page","status-publish","hentry"],"acf":[],"aioseo_notices":[],"_links":{"self":[{"href":"https:\/\/lamatex.cz\/it\/wp-json\/wp\/v2\/pages\/493","targetHints":{"allow":["GET"]}}],"collection":[{"href":"https:\/\/lamatex.cz\/it\/wp-json\/wp\/v2\/pages"}],"about":[{"href":"https:\/\/lamatex.cz\/it\/wp-json\/wp\/v2\/types\/page"}],"author":[{"embeddable":true,"href":"https:\/\/lamatex.cz\/it\/wp-json\/wp\/v2\/users\/1"}],"replies":[{"embeddable":true,"href":"https:\/\/lamatex.cz\/it\/wp-json\/wp\/v2\/comments?post=493"}],"version-history":[{"count":1,"href":"https:\/\/lamatex.cz\/it\/wp-json\/wp\/v2\/pages\/493\/revisions"}],"predecessor-version":[{"id":495,"href":"https:\/\/lamatex.cz\/it\/wp-json\/wp\/v2\/pages\/493\/revisions\/495"}],"wp:attachment":[{"href":"https:\/\/lamatex.cz\/it\/wp-json\/wp\/v2\/media?parent=493"}],"curies":[{"name":"wp","href":"https:\/\/api.w.org\/{rel}","templated":true}]}}