{"id":514,"date":"2017-05-29T14:55:37","date_gmt":"2017-05-29T12:55:37","guid":{"rendered":"https:\/\/lamatex.cz\/sortiment\/technicke-nite\/"},"modified":"2025-04-09T21:00:50","modified_gmt":"2025-04-09T19:00:50","slug":"technische-faeden","status":"publish","type":"page","link":"https:\/\/lamatex.cz\/de\/sortiment\/technische-faeden\/","title":{"rendered":"Technische F\u00e4den"},"content":{"rendered":"<p><strong>Sackf\u00e4den <\/strong><\/p>\n<p>100 % PES F\u00e4den f\u00fcr N\u00e4hmaschinen f\u00fcr Einn\u00e4hen der S\u00e4cke in der Feinheit 50\u00d74 tex und 29\u00d77 tex mit einer Aufwicklung von 200 g, 1 kg, 3 kg oder 5 kg.<\/p>\n<p><strong>Randf\u00e4den<\/strong><\/p>\n<p>Aus fester Langfaser-Baumwolle f\u00fcr Webmaschinen in der Feinheit 10\u00d73 tex mit einer Aufwicklung von 10.000 m, 10\u00d72 tex mit einer Aufwicklung von 15.000 m oder gem\u00e4ss dem Kundenwunsch.<\/p>\n<p><strong>F\u00e4den f\u00fcr Stickautomaten<\/strong><\/p>\n<p>Rupfenf\u00e4den aus Langfaser-Baumwolle in der Feinheit 7,4\u00d73 tex.<\/p>\n<p><strong>Andere F\u00e4den<\/strong><\/p>\n<p>Aufgrund der Kundenanforderungen.<\/p>\n","protected":false},"excerpt":{"rendered":"<p>Sackf\u00e4den 100 % PES F\u00e4den f\u00fcr N\u00e4hmaschinen f\u00fcr Einn\u00e4hen der S\u00e4cke in der Feinheit 50\u00d74 tex und 29\u00d77 tex mit einer Aufwicklung von 200 g, 1 kg, 3 kg oder 5 kg. Randf\u00e4den Aus fester Langfaser-Baumwolle f\u00fcr Webmaschinen in der Feinheit 10\u00d73 tex mit einer Aufwicklung von 10.000 m, 10\u00d72 tex mit einer Aufwicklung von&#8230;<\/p>\n","protected":false},"author":1,"featured_media":0,"parent":497,"menu_order":0,"comment_status":"closed","ping_status":"closed","template":"page-sortiment.php","meta":{"_acf_changed":false,"footnotes":""},"class_list":["post-514","page","type-page","status-publish","hentry"],"acf":[],"aioseo_notices":[],"_links":{"self":[{"href":"https:\/\/lamatex.cz\/de\/wp-json\/wp\/v2\/pages\/514","targetHints":{"allow":["GET"]}}],"collection":[{"href":"https:\/\/lamatex.cz\/de\/wp-json\/wp\/v2\/pages"}],"about":[{"href":"https:\/\/lamatex.cz\/de\/wp-json\/wp\/v2\/types\/page"}],"author":[{"embeddable":true,"href":"https:\/\/lamatex.cz\/de\/wp-json\/wp\/v2\/users\/1"}],"replies":[{"embeddable":true,"href":"https:\/\/lamatex.cz\/de\/wp-json\/wp\/v2\/comments?post=514"}],"version-history":[{"count":2,"href":"https:\/\/lamatex.cz\/de\/wp-json\/wp\/v2\/pages\/514\/revisions"}],"predecessor-version":[{"id":519,"href":"https:\/\/lamatex.cz\/de\/wp-json\/wp\/v2\/pages\/514\/revisions\/519"}],"up":[{"embeddable":true,"href":"https:\/\/lamatex.cz\/de\/wp-json\/wp\/v2\/pages\/497"}],"wp:attachment":[{"href":"https:\/\/lamatex.cz\/de\/wp-json\/wp\/v2\/media?parent=514"}],"curies":[{"name":"wp","href":"https:\/\/api.w.org\/{rel}","templated":true}]}}