{"id":492,"date":"2017-05-29T10:38:47","date_gmt":"2017-05-29T08:38:47","guid":{"rendered":"https:\/\/lamatex.cz\/o-spolecnosti\/"},"modified":"2025-04-09T20:47:43","modified_gmt":"2025-04-09T18:47:43","slug":"ueber-die-gesellschaft","status":"publish","type":"page","link":"https:\/\/lamatex.cz\/de\/ueber-die-gesellschaft\/","title":{"rendered":"\u00dcber die Gesellschaft"},"content":{"rendered":"<p>Unsere Gesellschaft wurde im Jahre 1998 gegr\u00fcndet. Seit ihrer Entstehung befasst sie sich haupts\u00e4chlich mit dem Einkauf und Verkauf von Baumwollgarnen, Textilrohstoffen, Textilhalbprodukten, Textilabf\u00e4llen als auch von den Textilmaschinen. In Ankn\u00fcpfung an die Forderungen unserer Kunden werden die Garne f\u00fcr unsere Gesellschaft auf Auftrag in renommierten Spinnereien in ganzer Welt (z.B. in Italien, T\u00fcrkei, \u00c4gypten, China, Indien, Indonesien, Malaysia, USA) hergestellt. Um Ihnen die Garnlieferungen in der von Ihnen gew\u00fcnschten Qualit\u00e4t sicherstellen zu k\u00f6nnen, n\u00fctzen wir f\u00fcr die Garnkontrolle die Dienste eines spezialisierten Labors aus.<\/p>\n<p>Wir verf\u00fcgen seit dem Jahre 2010 \u00fcber die Zertifizierung gem\u00e4\u00df dem Qualit\u00e4tssteuerungssystem ISO 9001: 2008. Die durch unsere Gesellschaft gelieferten Garne werden nur aus den gesundheitlich unsch\u00e4dlichen Materialien hergestellt, was durch ein international g\u00fcltiges Zertifikat \u00d6KO-TEX 100 bewiesen werden kann.<\/p>\n<p>Unsere Gesellschaft verf\u00fcgt auch \u00fcber eigenes Logistik-Zentrum, das die Qualit\u00e4tssteigerung der Dienstleistungen erm\u00f6glicht, und zwar vor allem \u00fcber die Optimalisierung der kurzen Lieferzeiten.<\/p>\n<p>Unser Unternehmen hat beschlossen, seine jahrelange Erfahrung zu nutzen, um etwas zu tun, was f\u00fcr uns Sinn macht &#8211; eine Kollektion origineller Bettwaren zu schaffen, die vor allem Kindern Freude bereitet. Wir haben bew\u00e4hrte Materialien mit spielerischem Design kombiniert, um etwas v\u00f6llig Neues zu schaffen. Sie k\u00f6nnen unsere Kollektion in unserem neuen <a href=\"https:\/\/www.lamatexstore.com\/\"><strong>Lamatexstore <\/strong><\/a>besuchen.<\/p>\n","protected":false},"excerpt":{"rendered":"<p>Unsere Gesellschaft wurde im Jahre 1998 gegr\u00fcndet. Seit ihrer Entstehung befasst sie sich haupts\u00e4chlich mit dem Einkauf und Verkauf von Baumwollgarnen, Textilrohstoffen, Textilhalbprodukten, Textilabf\u00e4llen als auch von den Textilmaschinen. In Ankn\u00fcpfung an die Forderungen unserer Kunden werden die Garne f\u00fcr unsere Gesellschaft auf Auftrag in renommierten Spinnereien in ganzer Welt (z.B. in Italien, T\u00fcrkei, \u00c4gypten,&#8230;<\/p>\n","protected":false},"author":1,"featured_media":0,"parent":0,"menu_order":0,"comment_status":"closed","ping_status":"closed","template":"","meta":{"_acf_changed":false,"footnotes":""},"class_list":["post-492","page","type-page","status-publish","hentry"],"acf":[],"aioseo_notices":[],"_links":{"self":[{"href":"https:\/\/lamatex.cz\/de\/wp-json\/wp\/v2\/pages\/492","targetHints":{"allow":["GET"]}}],"collection":[{"href":"https:\/\/lamatex.cz\/de\/wp-json\/wp\/v2\/pages"}],"about":[{"href":"https:\/\/lamatex.cz\/de\/wp-json\/wp\/v2\/types\/page"}],"author":[{"embeddable":true,"href":"https:\/\/lamatex.cz\/de\/wp-json\/wp\/v2\/users\/1"}],"replies":[{"embeddable":true,"href":"https:\/\/lamatex.cz\/de\/wp-json\/wp\/v2\/comments?post=492"}],"version-history":[{"count":1,"href":"https:\/\/lamatex.cz\/de\/wp-json\/wp\/v2\/pages\/492\/revisions"}],"predecessor-version":[{"id":494,"href":"https:\/\/lamatex.cz\/de\/wp-json\/wp\/v2\/pages\/492\/revisions\/494"}],"wp:attachment":[{"href":"https:\/\/lamatex.cz\/de\/wp-json\/wp\/v2\/media?parent=492"}],"curies":[{"name":"wp","href":"https:\/\/api.w.org\/{rel}","templated":true}]}}